{"id":1236,"date":"2020-12-03T22:21:47","date_gmt":"2020-12-04T03:21:47","guid":{"rendered":"https:\/\/mycrc.ca\/?page_id=1236"},"modified":"2023-06-28T21:06:21","modified_gmt":"2023-06-28T21:06:21","slug":"tarifs","status":"publish","type":"page","link":"https:\/\/mycrc.ca\/fr\/tarifs\/","title":{"rendered":"Tarifs"},"content":{"rendered":"\t\t<div data-elementor-type=\"wp-page\" data-elementor-id=\"1236\" class=\"elementor elementor-1236 elementor-228\" data-elementor-post-type=\"page\">\n\t\t\t\t\t\t<section class=\"elementor-section elementor-top-section elementor-element elementor-element-ad54d5d inner-page-hero elementor-section-boxed elementor-section-height-default elementor-section-height-default\" data-id=\"ad54d5d\" data-element_type=\"section\" data-e-type=\"section\" data-settings=\"{&quot;background_background&quot;:&quot;classic&quot;}\">\n\t\t\t\t\t\t<div class=\"elementor-container elementor-column-gap-default\">\n\t\t\t\t\t<div class=\"elementor-column elementor-col-100 elementor-top-column elementor-element elementor-element-8873742\" data-id=\"8873742\" data-element_type=\"column\" data-e-type=\"column\">\n\t\t\t<div class=\"elementor-widget-wrap elementor-element-populated\">\n\t\t\t\t\t\t<section class=\"elementor-section elementor-inner-section elementor-element elementor-element-812bd47 elementor-section-content-middle elementor-section-boxed elementor-section-height-default elementor-section-height-default\" data-id=\"812bd47\" data-element_type=\"section\" data-e-type=\"section\">\n\t\t\t\t\t\t<div class=\"elementor-container elementor-column-gap-wider\">\n\t\t\t\t\t<div class=\"elementor-column elementor-col-100 elementor-inner-column elementor-element elementor-element-92b7db6\" data-id=\"92b7db6\" data-element_type=\"column\" data-e-type=\"column\">\n\t\t\t<div class=\"elementor-widget-wrap elementor-element-populated\">\n\t\t\t\t\t\t<div class=\"elementor-element elementor-element-9d33452 standard-h1 elementor-widget elementor-widget-heading\" data-id=\"9d33452\" data-element_type=\"widget\" data-e-type=\"widget\" data-widget_type=\"heading.default\">\n\t\t\t\t<div class=\"elementor-widget-container\">\n\t\t\t\t\t<h1 class=\"elementor-heading-title elementor-size-default\">Tarification simple et<br>\npr\u00eat en quelques minutes<\/h1>\t\t\t\t<\/div>\n\t\t\t\t<\/div>\n\t\t\t\t<div class=\"elementor-element elementor-element-40ba91f elementor-widget elementor-widget-heading\" data-id=\"40ba91f\" data-element_type=\"widget\" data-e-type=\"widget\" data-widget_type=\"heading.default\">\n\t\t\t\t<div class=\"elementor-widget-container\">\n\t\t\t\t\t<h2 class=\"elementor-heading-title elementor-size-default\">$64.99<\/h2>\t\t\t\t<\/div>\n\t\t\t\t<\/div>\n\t\t\t\t<div class=\"elementor-element elementor-element-75cabf1 elementor-widget elementor-widget-text-editor\" data-id=\"75cabf1\" data-element_type=\"widget\" data-e-type=\"widget\" data-widget_type=\"text-editor.default\">\n\t\t\t\t<div class=\"elementor-widget-container\">\n\t\t\t\t\t\t\t\t\t<p><span style=\"white-space: pre-wrap;\">Obtenez une v\u00e9rification de toutes les condamnations pour adultes d\u00e9tenues dans le Centre d&rsquo;information de la police canadienne (CIPC) et d&rsquo;autres bases de donn\u00e9es polici\u00e8res pour rechercher des casiers judiciaires et v\u00e9rifier les ant\u00e9c\u00e9dents.<\/span><\/p>\n\t\t\t\t\t\t\t\t<\/div>\n\t\t\t\t<\/div>\n\t\t\t\t<div class=\"elementor-element elementor-element-da727c1 elementor-align-center elementor-mobile-align-center get-started-button elementor-widget elementor-widget-button\" data-id=\"da727c1\" data-element_type=\"widget\" data-e-type=\"widget\" data-widget_type=\"button.default\">\n\t\t\t\t<div class=\"elementor-widget-container\">\n\t\t\t\t\t\t\t\t\t<div class=\"elementor-button-wrapper\">\n\t\t\t\t\t<a class=\"elementor-button elementor-button-link elementor-size-sm\" href=\"https:\/\/mycrc.certn.co\/hr\/apply\/rcmp_basic_c?lang=fr\" target=\"_blank\" rel=\"noopener\">\n\t\t\t\t\t\t<span class=\"elementor-button-content-wrapper\">\n\t\t\t\t\t\t\t\t\t<span class=\"elementor-button-text\">Inscription<\/span>\n\t\t\t\t\t<\/span>\n\t\t\t\t\t<\/a>\n\t\t\t\t<\/div>\n\t\t\t\t\t\t\t\t<\/div>\n\t\t\t\t<\/div>\n\t\t\t\t<div class=\"elementor-element elementor-element-b938048 elementor-widget elementor-widget-image\" data-id=\"b938048\" data-element_type=\"widget\" data-e-type=\"widget\" data-widget_type=\"image.default\">\n\t\t\t\t<div class=\"elementor-widget-container\">\n\t\t\t\t\t\t\t\t\t\t\t\t\t\t\t<img decoding=\"async\" src=\"https:\/\/mycrc.ca\/wp-content\/uploads\/elementor\/thumbs\/review-logos@2x-p60eyqdw7xdt5ombrldvmd7vjdanmwoq7whb0h74wu.png\" title=\"review-logos@2x\" alt=\"review-logos@2x\" loading=\"lazy\" \/>\t\t\t\t\t\t\t\t\t\t\t\t\t\t\t<\/div>\n\t\t\t\t<\/div>\n\t\t\t\t\t<\/div>\n\t\t<\/div>\n\t\t\t\t\t<\/div>\n\t\t<\/section>\n\t\t\t\t\t<\/div>\n\t\t<\/div>\n\t\t\t\t\t<\/div>\n\t\t<\/section>\n\t\t\t\t<section class=\"elementor-section elementor-top-section elementor-element elementor-element-a5127d9 faq-questions elementor-section-boxed elementor-section-height-default elementor-section-height-default\" data-id=\"a5127d9\" data-element_type=\"section\" data-e-type=\"section\">\n\t\t\t\t\t\t<div class=\"elementor-container elementor-column-gap-default\">\n\t\t\t\t\t<div class=\"elementor-column elementor-col-100 elementor-top-column elementor-element elementor-element-8b3da6c\" data-id=\"8b3da6c\" data-element_type=\"column\" data-e-type=\"column\">\n\t\t\t<div class=\"elementor-widget-wrap elementor-element-populated\">\n\t\t\t\t\t\t<section class=\"elementor-section elementor-inner-section elementor-element elementor-element-a8c470f elementor-section-boxed elementor-section-height-default elementor-section-height-default\" data-id=\"a8c470f\" data-element_type=\"section\" data-e-type=\"section\">\n\t\t\t\t\t\t<div class=\"elementor-container elementor-column-gap-default\">\n\t\t\t\t\t<div class=\"elementor-column elementor-col-100 elementor-inner-column elementor-element elementor-element-72d158e\" data-id=\"72d158e\" data-element_type=\"column\" data-e-type=\"column\">\n\t\t\t<div class=\"elementor-widget-wrap elementor-element-populated\">\n\t\t\t\t\t\t<div class=\"elementor-element elementor-element-95bbe4e standard-h2 elementor-widget elementor-widget-heading\" data-id=\"95bbe4e\" data-element_type=\"widget\" data-e-type=\"widget\" data-widget_type=\"heading.default\">\n\t\t\t\t<div class=\"elementor-widget-container\">\n\t\t\t\t\t<h2 class=\"elementor-heading-title elementor-size-default\">Questions courantes<\/h2>\t\t\t\t<\/div>\n\t\t\t\t<\/div>\n\t\t\t\t<div class=\"elementor-element elementor-element-cb9f519 elementor-widget elementor-widget-heading\" data-id=\"cb9f519\" data-element_type=\"widget\" data-e-type=\"widget\" data-widget_type=\"heading.default\">\n\t\t\t\t<div class=\"elementor-widget-container\">\n\t\t\t\t\t<h4 class=\"elementor-heading-title elementor-size-default\">Puis-je utiliser celui-ci pour des v\u00e9rifications en vue d\u2019un travail aupr\u00e8s de personnes vuln\u00e9rables ou pour des raisons d'immigration\/visa?<\/h4>\t\t\t\t<\/div>\n\t\t\t\t<\/div>\n\t\t\t\t<div class=\"elementor-element elementor-element-af37609 elementor-widget elementor-widget-text-editor\" data-id=\"af37609\" data-element_type=\"widget\" data-e-type=\"widget\" data-widget_type=\"text-editor.default\">\n\t\t\t\t<div class=\"elementor-widget-container\">\n\t\t\t\t\t\t\t\t\t<p>Non. Nous ne fournissons pas de v\u00e9rifications pour des v\u00e9rifications en vue d\u2019un travail aupr\u00e8s de personnes vuln\u00e9rables. Nos v\u00e9rifications de casier judiciaire ne comprennent pas les condamnations de l&rsquo;Agence des services frontaliers du Canada (ASFC) ou des douanes am\u00e9ricaines. Pour d\u00e9terminer votre admissibilit\u00e9 \u00e0 un visa ou votre statut d&rsquo;entr\u00e9e aux \u00c9tats-Unis ou au Canada, vous devez communiquer avec l&rsquo;ASFC ou les douanes am\u00e9ricaines.   <\/p>\n\t\t\t\t\t\t\t\t<\/div>\n\t\t\t\t<\/div>\n\t\t\t\t<div class=\"elementor-element elementor-element-9c42540 elementor-widget elementor-widget-heading\" data-id=\"9c42540\" data-element_type=\"widget\" data-e-type=\"widget\" data-widget_type=\"heading.default\">\n\t\t\t\t<div class=\"elementor-widget-container\">\n\t\t\t\t\t<h4 class=\"elementor-heading-title elementor-size-default\">Comment allez-vous me remettre mon rapport?<\/h4>\t\t\t\t<\/div>\n\t\t\t\t<\/div>\n\t\t\t\t<div class=\"elementor-element elementor-element-4bf8da3 elementor-widget elementor-widget-text-editor\" data-id=\"4bf8da3\" data-element_type=\"widget\" data-e-type=\"widget\" data-widget_type=\"text-editor.default\">\n\t\t\t\t<div class=\"elementor-widget-container\">\n\t\t\t\t\t\t\t\t\t<p>Les rapports sont envoy\u00e9s \u00e0 l&rsquo;adresse \u00e9lectronique indiqu\u00e9e dans votre demande. Nous n&rsquo;envoyons pas les rapports par la poste afin de prot\u00e9ger vos informations et d&rsquo;\u00e9viter toute falsification. Si vous n&rsquo;avez pas encore re\u00e7u votre rapport, veuillez contacter le service d&rsquo;assistance au 1-888-910-7871 ou support@mycrc.ca pour un suivi plus rapide. We don\u2019t physically mail reports to protect your information, and to avoid tampering. If you haven\u2019t received your report yet, please contact support at 1-888-910-7871 or support@mycrc.ca  <\/p>\n\t\t\t\t\t\t\t\t<\/div>\n\t\t\t\t<\/div>\n\t\t\t\t<div class=\"elementor-element elementor-element-53bb89f elementor-widget elementor-widget-heading\" data-id=\"53bb89f\" data-element_type=\"widget\" data-e-type=\"widget\" data-widget_type=\"heading.default\">\n\t\t\t\t<div class=\"elementor-widget-container\">\n\t\t\t\t\t<h4 class=\"elementor-heading-title elementor-size-default\">Combien de temps faut-il pour traiter une v\u00e9rification de casier judiciaire?<\/h4>\t\t\t\t<\/div>\n\t\t\t\t<\/div>\n\t\t\t\t<div class=\"elementor-element elementor-element-06f2650 elementor-widget elementor-widget-text-editor\" data-id=\"06f2650\" data-element_type=\"widget\" data-e-type=\"widget\" data-widget_type=\"text-editor.default\">\n\t\t\t\t<div class=\"elementor-widget-container\">\n\t\t\t\t\t\t\t\t\t<p>Les v\u00e9rifications sont effectu\u00e9es en seulement 15 minutes mais peuvent prendre plus de temps si vos informations doivent \u00eatre v\u00e9rifi\u00e9es manuellement. Si votre rapport n&rsquo;est pas approuv\u00e9 dans les 24 heures, nous vous en informerons par courriel et vous indiquerons quelles sont les prochaines \u00e9tapes. If your report isn\u2019t approved within 24 hours, we\u2019ll let you know by email and will instruct you on what the next steps are. <\/p>\n\t\t\t\t\t\t\t\t<\/div>\n\t\t\t\t<\/div>\n\t\t\t\t<div class=\"elementor-element elementor-element-0b49866 elementor-widget elementor-widget-heading\" data-id=\"0b49866\" data-element_type=\"widget\" data-e-type=\"widget\" data-widget_type=\"heading.default\">\n\t\t\t\t<div class=\"elementor-widget-container\">\n\t\t\t\t\t<h4 class=\"elementor-heading-title elementor-size-default\">Quelles informations seront indiqu\u00e9es dans mon casier judiciaire?<\/h4>\t\t\t\t<\/div>\n\t\t\t\t<\/div>\n\t\t\t\t<div class=\"elementor-element elementor-element-7418370 elementor-widget elementor-widget-text-editor\" data-id=\"7418370\" data-element_type=\"widget\" data-e-type=\"widget\" data-widget_type=\"text-editor.default\">\n\t\t\t\t<div class=\"elementor-widget-container\">\n\t\t\t\t\t\t\t\t\t<p>MyCRC indique les correspondances de condamnations possibles en v\u00e9rifiant les informations que vous fournissez dans la base de donn\u00e9es du Centre d&rsquo;information de la police canadienne (CIPC). Si votre rapport comport des condamnations, selon la loi, nous ne sommes pas autoris\u00e9s \u00e0 d\u00e9voiler les d\u00e9tails de ces condamnations en raison des politiques de confidentialit\u00e9. Pour consulter les d\u00e9tails complets des condamnations, vous devez effectuer une V\u00e9rification du casier judiciaire et des affaires juridiques (VCJAJ) au commissariat de police local o\u00f9 une soumission des empreintes digitales sera \u00e9galement n\u00e9cessaire pour la v\u00e9rification.  <\/p>\n\t\t\t\t\t\t\t\t<\/div>\n\t\t\t\t<\/div>\n\t\t\t\t<div class=\"elementor-element elementor-element-4bc26d2 elementor-align-center elementor-mobile-align-center elementor-widget elementor-widget-button\" data-id=\"4bc26d2\" data-element_type=\"widget\" data-e-type=\"widget\" data-widget_type=\"button.default\">\n\t\t\t\t<div class=\"elementor-widget-container\">\n\t\t\t\t\t\t\t\t\t<div class=\"elementor-button-wrapper\">\n\t\t\t\t\t<a class=\"elementor-button elementor-button-link elementor-size-sm\" href=\"https:\/\/mycrc.ca\/fr\/faq\/\">\n\t\t\t\t\t\t<span class=\"elementor-button-content-wrapper\">\n\t\t\t\t\t\t\t\t\t<span class=\"elementor-button-text\">Voir d'autres questions<\/span>\n\t\t\t\t\t<\/span>\n\t\t\t\t\t<\/a>\n\t\t\t\t<\/div>\n\t\t\t\t\t\t\t\t<\/div>\n\t\t\t\t<\/div>\n\t\t\t\t\t<\/div>\n\t\t<\/div>\n\t\t\t\t\t<\/div>\n\t\t<\/section>\n\t\t\t\t\t<\/div>\n\t\t<\/div>\n\t\t\t\t\t<\/div>\n\t\t<\/section>\n\t\t\t\t<section class=\"elementor-section elementor-top-section elementor-element elementor-element-268a93c5 elementor-section-full_width elementor-section-height-default elementor-section-height-default\" data-id=\"268a93c5\" data-element_type=\"section\" data-e-type=\"section\">\n\t\t\t\t\t\t<div class=\"elementor-container elementor-column-gap-default\">\n\t\t\t\t\t<div class=\"elementor-column elementor-col-100 elementor-top-column elementor-element elementor-element-3786f526\" data-id=\"3786f526\" data-element_type=\"column\" data-e-type=\"column\" id=\"call-to-action\" data-settings=\"{&quot;background_background&quot;:&quot;classic&quot;}\">\n\t\t\t<div class=\"elementor-widget-wrap elementor-element-populated\">\n\t\t\t\t\t\t<div class=\"elementor-element elementor-element-38e2a588 elementor-widget elementor-widget-image\" data-id=\"38e2a588\" data-element_type=\"widget\" data-e-type=\"widget\" id=\"cta-image\" data-widget_type=\"image.default\">\n\t\t\t\t<div class=\"elementor-widget-container\">\n\t\t\t\t\t\t\t\t\t\t\t\t\t\t\t<img fetchpriority=\"high\" decoding=\"async\" width=\"6300\" height=\"3632\" src=\"https:\/\/mycrc.ca\/wp-content\/uploads\/2021\/07\/MyCRC-Footer-1.png\" class=\"attachment-full size-full wp-image-1210\" alt=\"\" srcset=\"https:\/\/mycrc.ca\/wp-content\/uploads\/2021\/07\/MyCRC-Footer-1.png 6300w, https:\/\/mycrc.ca\/wp-content\/uploads\/2021\/07\/MyCRC-Footer-1-300x173.png 300w, https:\/\/mycrc.ca\/wp-content\/uploads\/2021\/07\/MyCRC-Footer-1-1024x590.png 1024w, https:\/\/mycrc.ca\/wp-content\/uploads\/2021\/07\/MyCRC-Footer-1-768x443.png 768w, https:\/\/mycrc.ca\/wp-content\/uploads\/2021\/07\/MyCRC-Footer-1-1536x886.png 1536w, https:\/\/mycrc.ca\/wp-content\/uploads\/2021\/07\/MyCRC-Footer-1-2048x1181.png 2048w\" sizes=\"(max-width: 6300px) 100vw, 6300px\" \/>\t\t\t\t\t\t\t\t\t\t\t\t\t\t\t<\/div>\n\t\t\t\t<\/div>\n\t\t\t\t<div class=\"elementor-element elementor-element-58a2d3a9 elementor-widget elementor-widget-heading\" data-id=\"58a2d3a9\" data-element_type=\"widget\" data-e-type=\"widget\" data-widget_type=\"heading.default\">\n\t\t\t\t<div class=\"elementor-widget-container\">\n\t\t\t\t\t<h2 class=\"elementor-heading-title elementor-size-default\">Pr\u00eat \u00e0 commander votre v\u00e9rification des ant\u00e9c\u00e9dents canadiens?<\/h2>\t\t\t\t<\/div>\n\t\t\t\t<\/div>\n\t\t\t\t<section class=\"elementor-section elementor-inner-section elementor-element elementor-element-4e740617 elementor-section-boxed elementor-section-height-default elementor-section-height-default\" data-id=\"4e740617\" data-element_type=\"section\" data-e-type=\"section\">\n\t\t\t\t\t\t<div class=\"elementor-container elementor-column-gap-default\">\n\t\t\t\t\t<div class=\"elementor-column elementor-col-100 elementor-inner-column elementor-element elementor-element-21c4cad1\" data-id=\"21c4cad1\" data-element_type=\"column\" data-e-type=\"column\">\n\t\t\t<div class=\"elementor-widget-wrap elementor-element-populated\">\n\t\t\t\t\t\t<div class=\"elementor-element elementor-element-345a1fad elementor-widget elementor-widget-text-editor\" data-id=\"345a1fad\" data-element_type=\"widget\" data-e-type=\"widget\" data-widget_type=\"text-editor.default\">\n\t\t\t\t<div class=\"elementor-widget-container\">\n\t\t\t\t\t\t\t\t\t<p>Nul besoin d&rsquo;attendre en file, les r\u00e9sultats sont pr\u00eats en quelques minutes.<br \/>V\u00e9rifiez vos ant\u00e9c\u00e9dents personnels.<\/p>\n\t\t\t\t\t\t\t\t<\/div>\n\t\t\t\t<\/div>\n\t\t\t\t<div class=\"elementor-element elementor-element-2bf243dc elementor-align-center get-started-button elementor-widget elementor-widget-button\" data-id=\"2bf243dc\" data-element_type=\"widget\" data-e-type=\"widget\" data-widget_type=\"button.default\">\n\t\t\t\t<div class=\"elementor-widget-container\">\n\t\t\t\t\t\t\t\t\t<div class=\"elementor-button-wrapper\">\n\t\t\t\t\t<a class=\"elementor-button elementor-button-link elementor-size-sm\" href=\"https:\/\/mycrc.certn.co\/hr\/apply\/rcmp_basic_c?lang=fr\" target=\"_blank\" rel=\"noopener\">\n\t\t\t\t\t\t<span class=\"elementor-button-content-wrapper\">\n\t\t\t\t\t\t\t\t\t<span class=\"elementor-button-text\">Inscription<\/span>\n\t\t\t\t\t<\/span>\n\t\t\t\t\t<\/a>\n\t\t\t\t<\/div>\n\t\t\t\t\t\t\t\t<\/div>\n\t\t\t\t<\/div>\n\t\t\t\t<div class=\"elementor-element elementor-element-a7db4cf elementor-widget elementor-widget-image\" data-id=\"a7db4cf\" data-element_type=\"widget\" data-e-type=\"widget\" data-widget_type=\"image.default\">\n\t\t\t\t<div class=\"elementor-widget-container\">\n\t\t\t\t\t\t\t\t\t\t\t\t\t\t\t<img decoding=\"async\" src=\"https:\/\/mycrc.ca\/wp-content\/uploads\/elementor\/thumbs\/review-logos@2x-p60eyqdva5q6yzw1wlwgynp8u2uxqzmu37dnmz5lp4.png\" title=\"review-logos@2x\" alt=\"review-logos@2x\" loading=\"lazy\" \/>\t\t\t\t\t\t\t\t\t\t\t\t\t\t\t<\/div>\n\t\t\t\t<\/div>\n\t\t\t\t\t<\/div>\n\t\t<\/div>\n\t\t\t\t\t<\/div>\n\t\t<\/section>\n\t\t\t\t<div class=\"elementor-element elementor-element-c930b1f elementor-widget elementor-widget-html\" data-id=\"c930b1f\" data-element_type=\"widget\" data-e-type=\"widget\" data-widget_type=\"html.default\">\n\t\t\t\t<div class=\"elementor-widget-container\">\n\t\t\t\t\t<script>\n\/\/ const params = new Proxy(new URLSearchParams(window.location.search), {\n\/\/   get: (searchParams, prop) => searchParams.get(prop),\n\/\/ });\n\/\/ const nelioTestVariant = params.nab;\n\/\/ \/\/ For Test Site-wide \u2014 2023 Feb \u2014 Vouched vs Veriff\n\/\/ if (nelioTestVariant === \"1\") {\n\/\/ \t\tjQuery(\".get-started-button a\").attr(\"href\", \"https:\/\/mycrc.certn.co\/hr\/apply\/rcmp_basic_c\"); \n\/\/ }\n<\/script>\t\t\t\t<\/div>\n\t\t\t\t<\/div>\n\t\t\t\t\t<\/div>\n\t\t<\/div>\n\t\t\t\t\t<\/div>\n\t\t<\/section>\n\t\t\t\t<\/div>\n\t\t","protected":false},"excerpt":{"rendered":"<p>Tarification simple et pr\u00eat en quelques minutes $64.99 Obtenez une v\u00e9rification de toutes les condamnations pour adultes d\u00e9tenues dans le Centre d&rsquo;information de la police canadienne (CIPC) et d&rsquo;autres bases de donn\u00e9es polici\u00e8res pour rechercher des casiers judiciaires et v\u00e9rifier les ant\u00e9c\u00e9dents. Inscription Questions courantes Puis-je utiliser celui-ci pour des v\u00e9rifications en vue d\u2019un travail [&hellip;]<\/p>\n","protected":false},"author":27,"featured_media":0,"parent":0,"menu_order":0,"comment_status":"closed","ping_status":"closed","template":"","meta":{"footnotes":""},"class_list":["post-1236","page","type-page","status-publish","hentry"],"_links":{"self":[{"href":"https:\/\/mycrc.ca\/fr\/wp-json\/wp\/v2\/pages\/1236","targetHints":{"allow":["GET"]}}],"collection":[{"href":"https:\/\/mycrc.ca\/fr\/wp-json\/wp\/v2\/pages"}],"about":[{"href":"https:\/\/mycrc.ca\/fr\/wp-json\/wp\/v2\/types\/page"}],"author":[{"embeddable":true,"href":"https:\/\/mycrc.ca\/fr\/wp-json\/wp\/v2\/users\/27"}],"replies":[{"embeddable":true,"href":"https:\/\/mycrc.ca\/fr\/wp-json\/wp\/v2\/comments?post=1236"}],"version-history":[{"count":27,"href":"https:\/\/mycrc.ca\/fr\/wp-json\/wp\/v2\/pages\/1236\/revisions"}],"predecessor-version":[{"id":1523,"href":"https:\/\/mycrc.ca\/fr\/wp-json\/wp\/v2\/pages\/1236\/revisions\/1523"}],"wp:attachment":[{"href":"https:\/\/mycrc.ca\/fr\/wp-json\/wp\/v2\/media?parent=1236"}],"curies":[{"name":"wp","href":"https:\/\/api.w.org\/{rel}","templated":true}]}}