{"id":1260,"date":"2020-11-30T17:42:56","date_gmt":"2020-11-30T22:42:56","guid":{"rendered":"https:\/\/mycrc.ca\/mycrc-verifications-de-casier-judiciaire-n1-au-canada\/"},"modified":"2023-08-29T19:41:55","modified_gmt":"2023-08-29T19:41:55","slug":"mycrc-verifications-de-casier-judiciaire-n1-au-canada","status":"publish","type":"page","link":"https:\/\/mycrc.ca\/fr\/","title":{"rendered":"V\u00e9rifications de casier judiciaire n\u00b01 au Canada &#8211; pr\u00eat en quelques minutes"},"content":{"rendered":"\t\t<div data-elementor-type=\"wp-page\" data-elementor-id=\"1260\" class=\"elementor elementor-1260 elementor-7\" data-elementor-post-type=\"page\">\n\t\t\t\t\t\t<section class=\"elementor-section elementor-top-section elementor-element elementor-element-e2793e3 elementor-section-content-middle elementor-section-boxed elementor-section-height-default elementor-section-height-default\" data-id=\"e2793e3\" data-element_type=\"section\" data-e-type=\"section\" data-settings=\"{&quot;background_background&quot;:&quot;classic&quot;}\">\n\t\t\t\t\t\t<div class=\"elementor-container elementor-column-gap-default\">\n\t\t\t\t\t<div class=\"elementor-column elementor-col-50 elementor-top-column elementor-element elementor-element-9150c18\" data-id=\"9150c18\" data-element_type=\"column\" data-e-type=\"column\">\n\t\t\t<div class=\"elementor-widget-wrap elementor-element-populated\">\n\t\t\t\t\t\t<div class=\"elementor-element elementor-element-047518e standard-h1 elementor-widget elementor-widget-heading\" data-id=\"047518e\" data-element_type=\"widget\" data-e-type=\"widget\" data-widget_type=\"heading.default\">\n\t\t\t\t<div class=\"elementor-widget-container\">\n\t\t\t\t\t<h1 class=\"elementor-heading-title elementor-size-default\">Votre v\u00e9rification des ant\u00e9c\u00e9dents criminels<\/h1>\t\t\t\t<\/div>\n\t\t\t\t<\/div>\n\t\t\t\t<div class=\"elementor-element elementor-element-abd22e7 elementor-widget elementor-widget-text-editor\" data-id=\"abd22e7\" data-element_type=\"widget\" data-e-type=\"widget\" data-widget_type=\"text-editor.default\">\n\t\t\t\t<div class=\"elementor-widget-container\">\n\t\t\t\t\t\t\t\t\t<p class=\"mycrc-text\">Nul besoin d&rsquo;attendre en file, les r\u00e9sultats sont pr\u00eats en quelques minutes.&nbsp;<br>V\u00e9rifiez vos ant\u00e9c\u00e9dents personnels.<\/p>\t\t\t\t\t\t\t\t<\/div>\n\t\t\t\t<\/div>\n\t\t\t\t<div class=\"elementor-element elementor-element-b0fa7ea elementor-mobile-align-center get-started-button elementor-widget elementor-widget-button\" data-id=\"b0fa7ea\" data-element_type=\"widget\" data-e-type=\"widget\" data-widget_type=\"button.default\">\n\t\t\t\t<div class=\"elementor-widget-container\">\n\t\t\t\t\t\t\t\t\t<div class=\"elementor-button-wrapper\">\n\t\t\t\t\t<a class=\"elementor-button elementor-button-link elementor-size-sm\" href=\"https:\/\/mycrc.certn.co\/hr\/apply\/rcmp_basic_c?lang=fr\" id=\"get-started-hero\" target=\"_blank\" rel=\"noopener\">\n\t\t\t\t\t\t<span class=\"elementor-button-content-wrapper\">\n\t\t\t\t\t\t\t\t\t<span class=\"elementor-button-text\">Commencez votre v\u00e9rification maintenant<\/span>\n\t\t\t\t\t<\/span>\n\t\t\t\t\t<\/a>\n\t\t\t\t<\/div>\n\t\t\t\t\t\t\t\t<\/div>\n\t\t\t\t<\/div>\n\t\t\t\t<div class=\"elementor-element elementor-element-a87c9a7 elementor-hidden-desktop elementor-hidden-tablet elementor-hidden-phone elementor-widget elementor-widget-elementskit-video\" data-id=\"a87c9a7\" data-element_type=\"widget\" data-e-type=\"widget\" data-widget_type=\"elementskit-video.default\">\n\t\t\t\t<div class=\"elementor-widget-container\">\n\t\t\t\t\t<div class=\"ekit-wid-con\" >\t\t<div class=\"video-content\" data-video-player=\"[]\" data-video-setting=\"{&quot;videoVolume&quot;:&quot;horizontal&quot;,&quot;startVolume&quot;:0.8,&quot;videoType&quot;:&quot;iframe&quot;,&quot;videoClass&quot;:&quot;mfp-fade&quot;,&quot;popupIcon&quot;:{&quot;value&quot;:&quot;icon icon-cancel&quot;,&quot;library&quot;:&quot;ekiticons&quot;},&quot;videoStyle&quot;:&quot;popup&quot;,&quot;videoTypeName&quot;:&quot;youtube&quot;,&quot;autoplay&quot;:false,&quot;muted&quot;:false,&quot;loop&quot;:false}\">\n\t\t\t\n<a class=\" ekit-video-popup ekit-video-popup-btn\" href=\"https:\/\/www.youtube.com\/embed\/KMTTXHWDsOk?feature=oembed?playlist=KMTTXHWDsOk&amp;mute=0&amp;autoplay=0&amp;loop=no&amp;controls=0&amp;start=0&amp;end=\" aria-label=\"video-popup\" target=\"_blank\" rel=\"noopener\">\n\t\t\t\t\t\t\t\t<i aria-hidden=\"true\" class=\"fas fa-play\"><\/i>\t\t\t\t<span class=\"ekit-video-popup-title\">Visionnez la vid\u00e9o<\/span>\n\t\t\t\n\t\t\t<\/a>\n\t\t\t\t\t<\/div>\n\t\t<\/div>\t\t\t\t<\/div>\n\t\t\t\t<\/div>\n\t\t\t\t<div class=\"elementor-element elementor-element-5c69fb8 elementor-widget elementor-widget-image\" data-id=\"5c69fb8\" data-element_type=\"widget\" data-e-type=\"widget\" data-widget_type=\"image.default\">\n\t\t\t\t<div class=\"elementor-widget-container\">\n\t\t\t\t\t\t\t\t\t\t\t\t\t\t\t<img decoding=\"async\" src=\"https:\/\/mycrc.ca\/wp-content\/uploads\/elementor\/thumbs\/review-logos@2x-p60eyqdw7xdt5ombrldvmd7vjdanmwoq7whb0h74wu.png\" title=\"review-logos@2x\" alt=\"review-logos@2x\" loading=\"lazy\" \/>\t\t\t\t\t\t\t\t\t\t\t\t\t\t\t<\/div>\n\t\t\t\t<\/div>\n\t\t\t\t<div class=\"elementor-element elementor-element-d2f03a1 elementor-widget elementor-widget-text-editor\" data-id=\"d2f03a1\" data-element_type=\"widget\" data-e-type=\"widget\" data-widget_type=\"text-editor.default\">\n\t\t\t\t<div class=\"elementor-widget-container\">\n\t\t\t\t\t\t\t\t\t<p>Les v\u00e9rifications MyCRC <strong>ne peuvent pas<\/strong> \u00eatre utilis\u00e9es comme des v\u00e9rifications des ant\u00e9c\u00e9dents en vue d\u2019un travail aupr\u00e8s de personnes vuln\u00e9rables.<\/p>\t\t\t\t\t\t\t\t<\/div>\n\t\t\t\t<\/div>\n\t\t\t\t\t<\/div>\n\t\t<\/div>\n\t\t\t\t<div class=\"elementor-column elementor-col-50 elementor-top-column elementor-element elementor-element-28601d1\" data-id=\"28601d1\" data-element_type=\"column\" data-e-type=\"column\">\n\t\t\t<div class=\"elementor-widget-wrap elementor-element-populated\">\n\t\t\t\t\t\t<div class=\"elementor-element elementor-element-4183d5a elementor-hidden-phone elementor-widget elementor-widget-image\" data-id=\"4183d5a\" data-element_type=\"widget\" data-e-type=\"widget\" data-widget_type=\"image.default\">\n\t\t\t\t<div class=\"elementor-widget-container\">\n\t\t\t\t\t\t\t\t\t\t\t\t\t\t\t<img fetchpriority=\"high\" decoding=\"async\" width=\"2048\" height=\"1536\" src=\"https:\/\/mycrc.ca\/wp-content\/uploads\/2021\/07\/Untitled_Artwork-7.png\" class=\"attachment-full size-full wp-image-1209\" alt=\"\" srcset=\"https:\/\/mycrc.ca\/wp-content\/uploads\/2021\/07\/Untitled_Artwork-7.png 2048w, https:\/\/mycrc.ca\/wp-content\/uploads\/2021\/07\/Untitled_Artwork-7-300x225.png 300w, https:\/\/mycrc.ca\/wp-content\/uploads\/2021\/07\/Untitled_Artwork-7-1024x768.png 1024w, https:\/\/mycrc.ca\/wp-content\/uploads\/2021\/07\/Untitled_Artwork-7-768x576.png 768w, https:\/\/mycrc.ca\/wp-content\/uploads\/2021\/07\/Untitled_Artwork-7-1536x1152.png 1536w\" sizes=\"(max-width: 2048px) 100vw, 2048px\" \/>\t\t\t\t\t\t\t\t\t\t\t\t\t\t\t<\/div>\n\t\t\t\t<\/div>\n\t\t\t\t<div class=\"elementor-element elementor-element-eb4de50 elementor-hidden-desktop elementor-hidden-tablet elementor-widget elementor-widget-image\" data-id=\"eb4de50\" data-element_type=\"widget\" data-e-type=\"widget\" data-widget_type=\"image.default\">\n\t\t\t\t<div class=\"elementor-widget-container\">\n\t\t\t\t\t\t\t\t\t\t\t\t\t\t\t<img fetchpriority=\"high\" decoding=\"async\" width=\"2048\" height=\"1536\" src=\"https:\/\/mycrc.ca\/wp-content\/uploads\/2021\/07\/Untitled_Artwork-7.png\" class=\"attachment-full size-full wp-image-1209\" alt=\"\" srcset=\"https:\/\/mycrc.ca\/wp-content\/uploads\/2021\/07\/Untitled_Artwork-7.png 2048w, https:\/\/mycrc.ca\/wp-content\/uploads\/2021\/07\/Untitled_Artwork-7-300x225.png 300w, https:\/\/mycrc.ca\/wp-content\/uploads\/2021\/07\/Untitled_Artwork-7-1024x768.png 1024w, https:\/\/mycrc.ca\/wp-content\/uploads\/2021\/07\/Untitled_Artwork-7-768x576.png 768w, https:\/\/mycrc.ca\/wp-content\/uploads\/2021\/07\/Untitled_Artwork-7-1536x1152.png 1536w\" sizes=\"(max-width: 2048px) 100vw, 2048px\" \/>\t\t\t\t\t\t\t\t\t\t\t\t\t\t\t<\/div>\n\t\t\t\t<\/div>\n\t\t\t\t\t<\/div>\n\t\t<\/div>\n\t\t\t\t\t<\/div>\n\t\t<\/section>\n\t\t\t\t<section class=\"elementor-section elementor-top-section elementor-element elementor-element-3648f7c elementor-section-boxed elementor-section-height-default elementor-section-height-default\" data-id=\"3648f7c\" data-element_type=\"section\" data-e-type=\"section\">\n\t\t\t\t\t\t<div class=\"elementor-container elementor-column-gap-default\">\n\t\t\t\t\t<div class=\"elementor-column elementor-col-100 elementor-top-column elementor-element elementor-element-21af7a0\" data-id=\"21af7a0\" data-element_type=\"column\" data-e-type=\"column\">\n\t\t\t<div class=\"elementor-widget-wrap elementor-element-populated\">\n\t\t\t\t\t\t<div class=\"elementor-element elementor-element-a827577 elementor-widget elementor-widget-spacer\" data-id=\"a827577\" data-element_type=\"widget\" data-e-type=\"widget\" data-widget_type=\"spacer.default\">\n\t\t\t\t<div class=\"elementor-widget-container\">\n\t\t\t\t\t\t\t<div class=\"elementor-spacer\">\n\t\t\t<div class=\"elementor-spacer-inner\"><\/div>\n\t\t<\/div>\n\t\t\t\t\t\t<\/div>\n\t\t\t\t<\/div>\n\t\t\t\t\t<\/div>\n\t\t<\/div>\n\t\t\t\t\t<\/div>\n\t\t<\/section>\n\t\t\t\t<section class=\"elementor-section elementor-top-section elementor-element elementor-element-259865c elementor-section-boxed elementor-section-height-default elementor-section-height-default\" data-id=\"259865c\" data-element_type=\"section\" data-e-type=\"section\">\n\t\t\t\t\t\t<div class=\"elementor-container elementor-column-gap-default\">\n\t\t\t\t\t<div class=\"elementor-column elementor-col-100 elementor-top-column elementor-element elementor-element-f0289ac\" data-id=\"f0289ac\" data-element_type=\"column\" data-e-type=\"column\">\n\t\t\t<div class=\"elementor-widget-wrap elementor-element-populated\">\n\t\t\t\t\t\t<div class=\"elementor-element elementor-element-8d28f0f standard-h2 elementor-widget elementor-widget-heading\" data-id=\"8d28f0f\" data-element_type=\"widget\" data-e-type=\"widget\" data-widget_type=\"heading.default\">\n\t\t\t\t<div class=\"elementor-widget-container\">\n\t\t\t\t\t<h2 class=\"elementor-heading-title elementor-size-default\">Comment \u00e7a marche<\/h2>\t\t\t\t<\/div>\n\t\t\t\t<\/div>\n\t\t\t\t<div class=\"elementor-element elementor-element-e0141c2 elementor-widget elementor-widget-text-editor\" data-id=\"e0141c2\" data-element_type=\"widget\" data-e-type=\"widget\" data-widget_type=\"text-editor.default\">\n\t\t\t\t<div class=\"elementor-widget-container\">\n\t\t\t\t\t\t\t\t\t<p><span style=\"white-space: pre-wrap;\">Nous rendons la commande de votre propre v\u00e9rification d&rsquo;ant\u00e9c\u00e9dents incroyablement facile<\/span><\/p>\t\t\t\t\t\t\t\t<\/div>\n\t\t\t\t<\/div>\n\t\t\t\t<section class=\"elementor-section elementor-inner-section elementor-element elementor-element-9610094 elementor-section-boxed elementor-section-height-default elementor-section-height-default\" data-id=\"9610094\" data-element_type=\"section\" data-e-type=\"section\">\n\t\t\t\t\t\t<div class=\"elementor-container elementor-column-gap-default\">\n\t\t\t\t\t<div class=\"elementor-column elementor-col-50 elementor-inner-column elementor-element elementor-element-1495320\" data-id=\"1495320\" data-element_type=\"column\" data-e-type=\"column\">\n\t\t\t<div class=\"elementor-widget-wrap elementor-element-populated\">\n\t\t\t\t\t\t<div class=\"elementor-element elementor-element-61629b8 elementor-widget elementor-widget-heading\" data-id=\"61629b8\" data-element_type=\"widget\" data-e-type=\"widget\" data-widget_type=\"heading.default\">\n\t\t\t\t<div class=\"elementor-widget-container\">\n\t\t\t\t\t<h3 class=\"elementor-heading-title elementor-size-default\">Remplissez un court questionnaire<\/h3>\t\t\t\t<\/div>\n\t\t\t\t<\/div>\n\t\t\t\t<div class=\"elementor-element elementor-element-dbfa558 elementor-widget elementor-widget-text-editor\" data-id=\"dbfa558\" data-element_type=\"widget\" data-e-type=\"widget\" data-widget_type=\"text-editor.default\">\n\t\t\t\t<div class=\"elementor-widget-container\">\n\t\t\t\t\t\t\t\t\t<p>Vous serez dirig\u00e9 vers une courte application pour obtenir votre consentement, recueillir vos informations de base et v\u00e9rifier votre identit\u00e9.<\/p>\t\t\t\t\t\t\t\t<\/div>\n\t\t\t\t<\/div>\n\t\t\t\t\t<\/div>\n\t\t<\/div>\n\t\t\t\t<div class=\"elementor-column elementor-col-50 elementor-inner-column elementor-element elementor-element-0885491\" data-id=\"0885491\" data-element_type=\"column\" data-e-type=\"column\">\n\t\t\t<div class=\"elementor-widget-wrap elementor-element-populated\">\n\t\t\t\t\t\t<div class=\"elementor-element elementor-element-68d7da6 elementor-widget elementor-widget-image\" data-id=\"68d7da6\" data-element_type=\"widget\" data-e-type=\"widget\" data-widget_type=\"image.default\">\n\t\t\t\t<div class=\"elementor-widget-container\">\n\t\t\t\t\t\t\t\t\t\t\t\t\t\t\t<img decoding=\"async\" width=\"800\" height=\"464\" src=\"https:\/\/mycrc.ca\/wp-content\/uploads\/2022\/10\/how_it_works_1_fr-1024x594.png\" class=\"attachment-large size-large wp-image-1191\" alt=\"Screenshots from the identification process\" srcset=\"https:\/\/mycrc.ca\/wp-content\/uploads\/2022\/10\/how_it_works_1_fr-1024x594.png 1024w, https:\/\/mycrc.ca\/wp-content\/uploads\/2022\/10\/how_it_works_1_fr-300x174.png 300w, https:\/\/mycrc.ca\/wp-content\/uploads\/2022\/10\/how_it_works_1_fr-768x445.png 768w, https:\/\/mycrc.ca\/wp-content\/uploads\/2022\/10\/how_it_works_1_fr-1536x891.png 1536w, https:\/\/mycrc.ca\/wp-content\/uploads\/2022\/10\/how_it_works_1_fr-2048x1188.png 2048w\" sizes=\"(max-width: 800px) 100vw, 800px\" \/>\t\t\t\t\t\t\t\t\t\t\t\t\t\t\t<\/div>\n\t\t\t\t<\/div>\n\t\t\t\t\t<\/div>\n\t\t<\/div>\n\t\t\t\t\t<\/div>\n\t\t<\/section>\n\t\t\t\t<section class=\"elementor-section elementor-inner-section elementor-element elementor-element-9527e88 elementor-section-boxed elementor-section-height-default elementor-section-height-default\" data-id=\"9527e88\" data-element_type=\"section\" data-e-type=\"section\">\n\t\t\t\t\t\t<div class=\"elementor-container elementor-column-gap-default\">\n\t\t\t\t\t<div class=\"elementor-column elementor-col-50 elementor-inner-column elementor-element elementor-element-7826c86\" data-id=\"7826c86\" data-element_type=\"column\" data-e-type=\"column\">\n\t\t\t<div class=\"elementor-widget-wrap elementor-element-populated\">\n\t\t\t\t\t\t<div class=\"elementor-element elementor-element-81e49a4 elementor-widget elementor-widget-image\" data-id=\"81e49a4\" data-element_type=\"widget\" data-e-type=\"widget\" data-widget_type=\"image.default\">\n\t\t\t\t<div class=\"elementor-widget-container\">\n\t\t\t\t\t\t\t\t\t\t\t\t\t\t\t<img decoding=\"async\" width=\"800\" height=\"748\" src=\"https:\/\/mycrc.ca\/wp-content\/uploads\/2021\/06\/Rosa-mycrc-hunt-1024x957.png\" class=\"attachment-large size-large wp-image-1204\" alt=\"\" srcset=\"https:\/\/mycrc.ca\/wp-content\/uploads\/2021\/06\/Rosa-mycrc-hunt-1024x957.png 1024w, https:\/\/mycrc.ca\/wp-content\/uploads\/2021\/06\/Rosa-mycrc-hunt-300x280.png 300w, https:\/\/mycrc.ca\/wp-content\/uploads\/2021\/06\/Rosa-mycrc-hunt-768x718.png 768w, https:\/\/mycrc.ca\/wp-content\/uploads\/2021\/06\/Rosa-mycrc-hunt-1536x1435.png 1536w, https:\/\/mycrc.ca\/wp-content\/uploads\/2021\/06\/Rosa-mycrc-hunt-2048x1914.png 2048w\" sizes=\"(max-width: 800px) 100vw, 800px\" \/>\t\t\t\t\t\t\t\t\t\t\t\t\t\t\t<\/div>\n\t\t\t\t<\/div>\n\t\t\t\t\t<\/div>\n\t\t<\/div>\n\t\t\t\t<div class=\"elementor-column elementor-col-50 elementor-inner-column elementor-element elementor-element-7515df3\" data-id=\"7515df3\" data-element_type=\"column\" data-e-type=\"column\">\n\t\t\t<div class=\"elementor-widget-wrap elementor-element-populated\">\n\t\t\t\t\t\t<div class=\"elementor-element elementor-element-360f5e0 elementor-widget elementor-widget-heading\" data-id=\"360f5e0\" data-element_type=\"widget\" data-e-type=\"widget\" data-widget_type=\"heading.default\">\n\t\t\t\t<div class=\"elementor-widget-container\">\n\t\t\t\t\t<h3 class=\"elementor-heading-title elementor-size-default\">Notre processus de v\u00e9rification commence\n<\/h3>\t\t\t\t<\/div>\n\t\t\t\t<\/div>\n\t\t\t\t<div class=\"elementor-element elementor-element-1717934 elementor-widget elementor-widget-text-editor\" data-id=\"1717934\" data-element_type=\"widget\" data-e-type=\"widget\" data-widget_type=\"text-editor.default\">\n\t\t\t\t<div class=\"elementor-widget-container\">\n\t\t\t\t\t\t\t\t\t<p>MyCRC se connecte au Centre d&rsquo;information de la police canadienne et \u00e0 d&rsquo;autres bases de donn\u00e9es polici\u00e8res pour rechercher des casiers judiciaires et v\u00e9rifier les ant\u00e9c\u00e9dents.<\/p>\t\t\t\t\t\t\t\t<\/div>\n\t\t\t\t<\/div>\n\t\t\t\t\t<\/div>\n\t\t<\/div>\n\t\t\t\t\t<\/div>\n\t\t<\/section>\n\t\t\t\t<section class=\"elementor-section elementor-inner-section elementor-element elementor-element-ecc87b9 elementor-section-boxed elementor-section-height-default elementor-section-height-default\" data-id=\"ecc87b9\" data-element_type=\"section\" data-e-type=\"section\">\n\t\t\t\t\t\t<div class=\"elementor-container elementor-column-gap-default\">\n\t\t\t\t\t<div class=\"elementor-column elementor-col-50 elementor-inner-column elementor-element elementor-element-eea0ae2\" data-id=\"eea0ae2\" data-element_type=\"column\" data-e-type=\"column\">\n\t\t\t<div class=\"elementor-widget-wrap elementor-element-populated\">\n\t\t\t\t\t\t<div class=\"elementor-element elementor-element-b00629f elementor-widget elementor-widget-heading\" data-id=\"b00629f\" data-element_type=\"widget\" data-e-type=\"widget\" data-widget_type=\"heading.default\">\n\t\t\t\t<div class=\"elementor-widget-container\">\n\t\t\t\t\t<h3 class=\"elementor-heading-title elementor-size-default\">Obtenez vos r\u00e9sultats en quelques minutes<\/h3>\t\t\t\t<\/div>\n\t\t\t\t<\/div>\n\t\t\t\t<div class=\"elementor-element elementor-element-2fb285a elementor-widget elementor-widget-text-editor\" data-id=\"2fb285a\" data-element_type=\"widget\" data-e-type=\"widget\" data-widget_type=\"text-editor.default\">\n\t\t\t\t<div class=\"elementor-widget-container\">\n\t\t\t\t\t\t\t\t\tLes r\u00e9sultats de la v\u00e9rification de votre casier judiciaire et de vos ant\u00e9c\u00e9dents vous seront envoy\u00e9s par courriel en aussi peu que 15 minutes.\n<br><br>\n<a style=\"color: #0b909e;\" href=\"https:\/\/mycrc.ca\/fr\/faq\/\">Voir plus<\/a>\t\t\t\t\t\t\t\t<\/div>\n\t\t\t\t<\/div>\n\t\t\t\t\t<\/div>\n\t\t<\/div>\n\t\t\t\t<div class=\"elementor-column elementor-col-50 elementor-inner-column elementor-element elementor-element-117c122\" data-id=\"117c122\" data-element_type=\"column\" data-e-type=\"column\">\n\t\t\t<div class=\"elementor-widget-wrap elementor-element-populated\">\n\t\t\t\t\t\t<div class=\"elementor-element elementor-element-03f245d elementor-widget elementor-widget-image\" data-id=\"03f245d\" data-element_type=\"widget\" data-e-type=\"widget\" data-widget_type=\"image.default\">\n\t\t\t\t<div class=\"elementor-widget-container\">\n\t\t\t\t\t\t\t\t\t\t\t\t\t\t\t<img loading=\"lazy\" decoding=\"async\" width=\"800\" height=\"911\" src=\"https:\/\/mycrc.ca\/wp-content\/uploads\/2022\/11\/MyCRC-Report-FR.png\" class=\"attachment-large size-large wp-image-1326\" alt=\"Sample Name-Based Canadian Criminal Record Check\" srcset=\"https:\/\/mycrc.ca\/wp-content\/uploads\/2022\/11\/MyCRC-Report-FR.png 829w, https:\/\/mycrc.ca\/wp-content\/uploads\/2022\/11\/MyCRC-Report-FR-263x300.png 263w, https:\/\/mycrc.ca\/wp-content\/uploads\/2022\/11\/MyCRC-Report-FR-768x875.png 768w\" sizes=\"(max-width: 800px) 100vw, 800px\" \/>\t\t\t\t\t\t\t\t\t\t\t\t\t\t\t<\/div>\n\t\t\t\t<\/div>\n\t\t\t\t\t<\/div>\n\t\t<\/div>\n\t\t\t\t\t<\/div>\n\t\t<\/section>\n\t\t\t\t\t<\/div>\n\t\t<\/div>\n\t\t\t\t\t<\/div>\n\t\t<\/section>\n\t\t\t\t<section class=\"elementor-section elementor-top-section elementor-element elementor-element-56836768 elementor-section-full_width elementor-section-height-default elementor-section-height-default\" data-id=\"56836768\" data-element_type=\"section\" data-e-type=\"section\">\n\t\t\t\t\t\t<div class=\"elementor-container elementor-column-gap-default\">\n\t\t\t\t\t<div class=\"elementor-column elementor-col-100 elementor-top-column elementor-element elementor-element-4d13c2f5\" data-id=\"4d13c2f5\" data-element_type=\"column\" data-e-type=\"column\" id=\"call-to-action\" data-settings=\"{&quot;background_background&quot;:&quot;classic&quot;}\">\n\t\t\t<div class=\"elementor-widget-wrap elementor-element-populated\">\n\t\t\t\t\t\t<div class=\"elementor-element elementor-element-aa3ccc8 elementor-widget elementor-widget-image\" data-id=\"aa3ccc8\" data-element_type=\"widget\" data-e-type=\"widget\" id=\"cta-image\" data-widget_type=\"image.default\">\n\t\t\t\t<div class=\"elementor-widget-container\">\n\t\t\t\t\t\t\t\t\t\t\t\t\t\t\t<img loading=\"lazy\" decoding=\"async\" width=\"6300\" height=\"3632\" src=\"https:\/\/mycrc.ca\/wp-content\/uploads\/2021\/07\/MyCRC-Footer-1.png\" class=\"attachment-full size-full wp-image-1210\" alt=\"\" srcset=\"https:\/\/mycrc.ca\/wp-content\/uploads\/2021\/07\/MyCRC-Footer-1.png 6300w, https:\/\/mycrc.ca\/wp-content\/uploads\/2021\/07\/MyCRC-Footer-1-300x173.png 300w, https:\/\/mycrc.ca\/wp-content\/uploads\/2021\/07\/MyCRC-Footer-1-1024x590.png 1024w, https:\/\/mycrc.ca\/wp-content\/uploads\/2021\/07\/MyCRC-Footer-1-768x443.png 768w, https:\/\/mycrc.ca\/wp-content\/uploads\/2021\/07\/MyCRC-Footer-1-1536x886.png 1536w, https:\/\/mycrc.ca\/wp-content\/uploads\/2021\/07\/MyCRC-Footer-1-2048x1181.png 2048w\" sizes=\"(max-width: 6300px) 100vw, 6300px\" \/>\t\t\t\t\t\t\t\t\t\t\t\t\t\t\t<\/div>\n\t\t\t\t<\/div>\n\t\t\t\t<div class=\"elementor-element elementor-element-2b3027f6 elementor-widget elementor-widget-heading\" data-id=\"2b3027f6\" data-element_type=\"widget\" data-e-type=\"widget\" data-widget_type=\"heading.default\">\n\t\t\t\t<div class=\"elementor-widget-container\">\n\t\t\t\t\t<h2 class=\"elementor-heading-title elementor-size-default\">Pr\u00eat \u00e0 commander votre v\u00e9rification des ant\u00e9c\u00e9dents canadiens?<\/h2>\t\t\t\t<\/div>\n\t\t\t\t<\/div>\n\t\t\t\t<section class=\"elementor-section elementor-inner-section elementor-element elementor-element-58faaa18 elementor-section-boxed elementor-section-height-default elementor-section-height-default\" data-id=\"58faaa18\" data-element_type=\"section\" data-e-type=\"section\">\n\t\t\t\t\t\t<div class=\"elementor-container elementor-column-gap-default\">\n\t\t\t\t\t<div class=\"elementor-column elementor-col-100 elementor-inner-column elementor-element elementor-element-3ddf9bf6\" data-id=\"3ddf9bf6\" data-element_type=\"column\" data-e-type=\"column\">\n\t\t\t<div class=\"elementor-widget-wrap elementor-element-populated\">\n\t\t\t\t\t\t<div class=\"elementor-element elementor-element-502cded5 elementor-widget elementor-widget-text-editor\" data-id=\"502cded5\" data-element_type=\"widget\" data-e-type=\"widget\" data-widget_type=\"text-editor.default\">\n\t\t\t\t<div class=\"elementor-widget-container\">\n\t\t\t\t\t\t\t\t\t<p>Nul besoin d&rsquo;attendre en file, les r\u00e9sultats sont pr\u00eats en quelques minutes.<br>V\u00e9rifiez vos ant\u00e9c\u00e9dents personnels.<\/p>\t\t\t\t\t\t\t\t<\/div>\n\t\t\t\t<\/div>\n\t\t\t\t<div class=\"elementor-element elementor-element-32ab42f3 elementor-align-center get-started-button elementor-widget elementor-widget-button\" data-id=\"32ab42f3\" data-element_type=\"widget\" data-e-type=\"widget\" data-widget_type=\"button.default\">\n\t\t\t\t<div class=\"elementor-widget-container\">\n\t\t\t\t\t\t\t\t\t<div class=\"elementor-button-wrapper\">\n\t\t\t\t\t<a class=\"elementor-button elementor-button-link elementor-size-sm\" href=\"https:\/\/mycrc.certn.co\/hr\/apply\/rcmp_basic_c?lang=fr\" target=\"_blank\" rel=\"noopener\">\n\t\t\t\t\t\t<span class=\"elementor-button-content-wrapper\">\n\t\t\t\t\t\t\t\t\t<span class=\"elementor-button-text\">Inscription<\/span>\n\t\t\t\t\t<\/span>\n\t\t\t\t\t<\/a>\n\t\t\t\t<\/div>\n\t\t\t\t\t\t\t\t<\/div>\n\t\t\t\t<\/div>\n\t\t\t\t<div class=\"elementor-element elementor-element-458871d8 elementor-widget elementor-widget-image\" data-id=\"458871d8\" data-element_type=\"widget\" data-e-type=\"widget\" data-widget_type=\"image.default\">\n\t\t\t\t<div class=\"elementor-widget-container\">\n\t\t\t\t\t\t\t\t\t\t\t\t\t\t\t<img decoding=\"async\" src=\"https:\/\/mycrc.ca\/wp-content\/uploads\/elementor\/thumbs\/review-logos@2x-p60eyqdva5q6yzw1wlwgynp8u2uxqzmu37dnmz5lp4.png\" title=\"review-logos@2x\" alt=\"review-logos@2x\" loading=\"lazy\" \/>\t\t\t\t\t\t\t\t\t\t\t\t\t\t\t<\/div>\n\t\t\t\t<\/div>\n\t\t\t\t\t<\/div>\n\t\t<\/div>\n\t\t\t\t\t<\/div>\n\t\t<\/section>\n\t\t\t\t\t<\/div>\n\t\t<\/div>\n\t\t\t\t\t<\/div>\n\t\t<\/section>\n\t\t\t\t<\/div>\n\t\t","protected":false},"excerpt":{"rendered":"<p>Votre v\u00e9rification des ant\u00e9c\u00e9dents criminels Nul besoin d&rsquo;attendre en file, les r\u00e9sultats sont pr\u00eats en quelques minutes.&nbsp;V\u00e9rifiez vos ant\u00e9c\u00e9dents personnels. Commencez votre v\u00e9rification maintenant Visionnez la vid\u00e9o Les v\u00e9rifications MyCRC ne peuvent pas \u00eatre utilis\u00e9es comme des v\u00e9rifications des ant\u00e9c\u00e9dents en vue d\u2019un travail aupr\u00e8s de personnes vuln\u00e9rables. Comment \u00e7a marche Nous rendons la commande [&hellip;]<\/p>\n","protected":false},"author":27,"featured_media":1209,"parent":0,"menu_order":0,"comment_status":"closed","ping_status":"closed","template":"","meta":{"footnotes":""},"class_list":["post-1260","page","type-page","status-publish","has-post-thumbnail","hentry"],"_links":{"self":[{"href":"https:\/\/mycrc.ca\/fr\/wp-json\/wp\/v2\/pages\/1260","targetHints":{"allow":["GET"]}}],"collection":[{"href":"https:\/\/mycrc.ca\/fr\/wp-json\/wp\/v2\/pages"}],"about":[{"href":"https:\/\/mycrc.ca\/fr\/wp-json\/wp\/v2\/types\/page"}],"author":[{"embeddable":true,"href":"https:\/\/mycrc.ca\/fr\/wp-json\/wp\/v2\/users\/27"}],"replies":[{"embeddable":true,"href":"https:\/\/mycrc.ca\/fr\/wp-json\/wp\/v2\/comments?post=1260"}],"version-history":[{"count":20,"href":"https:\/\/mycrc.ca\/fr\/wp-json\/wp\/v2\/pages\/1260\/revisions"}],"predecessor-version":[{"id":1869,"href":"https:\/\/mycrc.ca\/fr\/wp-json\/wp\/v2\/pages\/1260\/revisions\/1869"}],"wp:featuredmedia":[{"embeddable":true,"href":"https:\/\/mycrc.ca\/fr\/wp-json\/wp\/v2\/media\/1209"}],"wp:attachment":[{"href":"https:\/\/mycrc.ca\/fr\/wp-json\/wp\/v2\/media?parent=1260"}],"curies":[{"name":"wp","href":"https:\/\/api.w.org\/{rel}","templated":true}]}}